{"id":824,"date":"2018-12-07T15:25:43","date_gmt":"2018-12-07T15:25:43","guid":{"rendered":"https:\/\/cert.md\/?page_id=824"},"modified":"2018-12-10T15:18:21","modified_gmt":"2018-12-10T15:18:21","slug":"about-us","status":"publish","type":"page","link":"https:\/\/cert.md\/ro\/about-us\/","title":{"rendered":"Despre noi"},"content":{"rendered":"<p>MD-CERT este centrul de analiz\u0103 a incidentelor de securitate a calculatorului care func\u021bioneaz\u0103 ca element important al infrastructurii na\u021bionale de cercetare \u0219i educa\u021bie \u00een re\u021bea. MD-CERT se ocup\u0103 cu colectarea, \u00eenregistrarea \u0219i analizarea faptelor tuturor incidentelor de computer (de exemplu \u00eencerc\u0103ri sau fapte de \u00eenc\u0103lcare a proprietarului informa\u021biilor sau diverse atacuri \u00een re\u021bea sau de pe Internet) legate de resursele de re\u021bea aflate pe pe teritoriul Republicii Moldova, dar pumnul a tot ce afecteaz\u0103 utilizatorii re\u021belei de cercetare \u0219i educa\u021bie.<\/p>\n<p>Orice informa\u021bie despre incidentele informatice, referiri la resurse utile \u00een domeniul protec\u021biei tehnologiilor informa\u021bionale, dorin\u021be, va fi analizat\u0103 \u00eendeaproape \u0219i, pe c\u00e2t posibil, va fi luat\u0103 \u00een considerare de echipele de securitate. MD-CERT garanteaz\u0103 confiden\u021bialitatea tuturor informa\u021biilor trimise despre incidente. MD-CERT este structura non-comercial\u0103 \u0219i, \u00een func\u021bie de statutul s\u0103u, nu este implicat\u0103 \u00een nici o activitate legat\u0103 de publicitate, promovarea acestor sau alte decizii \u0219i tehnici, schimb de bannere, elaborarea de proiecte comerciale privind protec\u021bia informa\u021biilor etc.<\/p>\n<p>Realizarea CERT \u00een Moldova a fost ini\u021biat\u0103 de proiectul NATO &#8222;Crearea infrastructurii pentru CERT \u00een Belarus, Moldova, Ucraina \u0219i opera\u021biunea ini\u021bial\u0103&#8221; pentru func\u021bionarea \u00een segmentul re\u021belelor de cercetare \u0219i educa\u021bie din Moldova.<\/p>\n<p>Caracteristici specifice ale organiz\u0103rii \u0219i func\u021bion\u0103rii MD-CERT ca parte a infrastructurii re\u021belei RENAM:<\/p>\n<ul>\n<li>RENAM &#8211; Asocia\u021bia Na\u021bional\u0103 de Cercetare \u0219i Educa\u021bie din Moldova este cel mai mare ISP pentru organiza\u021biile de cercetare \u0219i dezvoltare din Moldova. Clien\u021bii RENAM sunt universit\u0103\u021bile mai mari \u0219i centrele \u0219tiin\u021bifice din Moldova, incluz\u00e2nd Universitatea de Stat, Universitatea Tehnic\u0103, Academia de Economie \u0219i altele cu mii de studen\u021bi, cadre didactice \u0219i personal \u0219tiin\u021bific<\/li>\n<li>MD-CERT \u00een re\u021beaua RENAM a fost desf\u0103\u0219urat\u0103 \u0219i \u00ee\u0219i \u00eendepline\u0219te func\u021biile \u00een str\u00e2ns\u0103 colaborare cu alte autorit\u0103\u021bi na\u021bionale de coordonare a securit\u0103\u021bii re\u021belelor (de exemplu, Centrul de Telecomunica\u021bii Speciale etc.);<\/li>\n<li>NREN CERT face parte din crearea la nivel na\u021bional a unei structuri comune a centrelor securizate de r\u0103spuns la incidente;<\/li>\n<li>Planurile de preg\u0103tire personal\u0103 RENAM CERT includ activit\u0103\u021bi la nivel local pentru utilizatorii NREN \u0219i personalul responsabil, precum \u0219i participarea la evenimente na\u021bionale \u0219i interna\u021bionale.<\/li>\n<\/ul>\n<p>Echipa noastr\u0103 a \u00eenceput activitatea \u00een 2006, mul\u021bumindu-se unui proiect NATO care a vizat \u00eenfiin\u021barea CERT \u00een Moldova, Ucraina \u0219i Belarus.<\/p>\n<p>Pentru cre\u0219terea securit\u0103\u021bii \u0219i \u00eenregistrarea incidentelor periculoase \u00een re\u021beaua RENAM a fost creat\u0103 CERT (Computer Emergency Response Team). Acesta este un grup de speciali\u0219ti care ar trebui s\u0103 se angajeze \u00een \u00eenregistrarea acestor incidente \u00een re\u021bea \u0219i s\u0103 contribuie la eliminarea incidentelor.<\/p>\n<p>Colectarea informa\u021biilor despre incidente ar trebui f\u0103cut\u0103 prin 3 metode<\/p>\n<ul>\n<li>Monitorizarea re\u021belei \u0219i fixarea p\u0103r\u021bilor suspecte sau a ac\u021biunilor sale \u00een re\u021bea.<\/li>\n<li>Utilizatorul va informa singur despre incidentul din partea re\u021belei \u0219i dup\u0103 ce aceasta va fi procesat\u0103 de ofi\u021berul CERT, va fi considerat\u0103 un incident.<\/li>\n<li>Informa\u021biile despre incident pot fi primite de la un alt sistem CERT. Deoarece aceste sisteme \u0219i echipe trebuie s\u0103 fac\u0103 schimb de informa\u021bii despre incidente.<\/li>\n<\/ul>\n<p>\u00cen primul caz incidentul se fixeaz\u0103 automat cu ajutorul multor programe software \u0219i echipamente hardware, \u00een special cu ajutorul unor astfel de protocoale, cum ar fi ICMP SNMP. Exist\u0103 o mare parte din software-ul pentru monitorizarea sistemului, de exemplu (Nagios \u0219i NetIIS). Aceste programe sunt confortabile \u0219i bine testate, dar nu \u00eentotdeauna sunt potrivite pentru toate solicit\u0103rile de monitorizare. Exist\u0103, de asemenea, necesitatea ca ofi\u021berii CERT s\u0103 adauge ni\u0219te module pentru sistemul de monitorizare.<\/p>\n<p>Fixarea facilit\u0103\u021bilor automate de monitorizare a incidentelor ajut\u0103 la definirea incidentelor existente \u0219i chiar la evitarea incidentului \u00een mod automat. \u00cen plus, sistemul automat ajut\u0103 la definirea statisticilor \u0219i a consecin\u021belor incidentelor \u0219i la luarea de m\u0103suri pentru evitarea acestora.<\/p>\n<p>Incidentul poate fi, de asemenea, examinat de c\u0103tre ofi\u021berul CERT dac\u0103 incidentul este \u00eenregistrat \u0219i transmis ofi\u021berului CERT \u00een conformitate cu una dintre aceste metode<\/p>\n<ul>\n<li>Telefon<\/li>\n<li>Fax<\/li>\n<li>\u00cenregistrat\u0103 pe site-ul CERT &#8211; www.cert.md<\/li>\n<li>Trimise mesaje de po\u0219t\u0103 electronic\u0103<\/li>\n<\/ul>\n","protected":false},"excerpt":{"rendered":"<p>MD-CERT este centrul de analiz\u0103 a incidentelor de securitate a calculatorului care func\u021bioneaz\u0103 ca element important al infrastructurii na\u021bionale de cercetare \u0219i educa\u021bie \u00een re\u021bea. MD-CERT se ocup\u0103 cu colectarea, \u00eenregistrarea \u0219i analizarea faptelor tuturor incidentelor de computer (de exemplu \u00eencerc\u0103ri sau fapte de \u00eenc\u0103lcare a proprietarului informa\u021biilor sau diverse atacuri \u00een re\u021bea sau de pe Internet) legate de resursele de re\u021bea aflate pe pe teritoriul Republicii Moldova, dar pumnul a tot ce afecteaz\u0103 utilizatorii re\u021belei de cercetare \u0219i educa\u021bie. Orice informa\u021bie despre incidentele informatice, referiri la resurse utile \u00een domeniul protec\u021biei tehnologiilor informa\u021bionale, dorin\u021be, va fi analizat\u0103 \u00eendeaproape \u0219i, pe c\u00e2t posibil, va fi luat\u0103 \u00een considerare de echipele de securitate. MD-CERT garanteaz\u0103 confiden\u021bialitatea tuturor informa\u021biilor trimise despre incidente. MD-CERT este structura non-comercial\u0103 \u0219i, \u00een func\u021bie de statutul s\u0103u, nu este implicat\u0103 \u00een nici o activitate legat\u0103 de publicitate, promovarea acestor sau alte decizii \u0219i tehnici, schimb de bannere, elaborarea de proiecte comerciale privind protec\u021bia informa\u021biilor etc. Realizarea CERT \u00een Moldova a fost ini\u021biat\u0103 de proiectul NATO &#8222;Crearea infrastructurii pentru CERT \u00een Belarus, Moldova, Ucraina \u0219i opera\u021biunea ini\u021bial\u0103&#8221; pentru func\u021bionarea \u00een segmentul re\u021belelor de cercetare \u0219i educa\u021bie din Moldova. Caracteristici specifice ale organiz\u0103rii \u0219i func\u021bion\u0103rii MD-CERT ca parte a infrastructurii re\u021belei RENAM: RENAM &#8211; Asocia\u021bia Na\u021bional\u0103 de Cercetare \u0219i Educa\u021bie din Moldova este cel mai mare ISP pentru organiza\u021biile de cercetare \u0219i dezvoltare din Moldova. Clien\u021bii RENAM sunt universit\u0103\u021bile mai mari \u0219i centrele \u0219tiin\u021bifice din Moldova, incluz\u00e2nd Universitatea de Stat, Universitatea Tehnic\u0103, Academia de Economie \u0219i altele cu mii de studen\u021bi, cadre didactice \u0219i personal \u0219tiin\u021bific MD-CERT \u00een re\u021beaua RENAM a fost desf\u0103\u0219urat\u0103 \u0219i \u00ee\u0219i \u00eendepline\u0219te func\u021biile \u00een str\u00e2ns\u0103 colaborare cu alte autorit\u0103\u021bi na\u021bionale de coordonare a securit\u0103\u021bii re\u021belelor (de exemplu, Centrul de Telecomunica\u021bii Speciale etc.); NREN CERT face parte din crearea la nivel na\u021bional a unei structuri comune a centrelor securizate de r\u0103spuns la incidente; Planurile de preg\u0103tire personal\u0103 RENAM CERT includ activit\u0103\u021bi la nivel local pentru utilizatorii NREN \u0219i personalul responsabil, precum \u0219i participarea la evenimente na\u021bionale \u0219i interna\u021bionale. Echipa noastr\u0103 a \u00eenceput activitatea \u00een 2006, mul\u021bumindu-se unui proiect NATO care a vizat \u00eenfiin\u021barea CERT \u00een Moldova, Ucraina \u0219i Belarus. Pentru cre\u0219terea securit\u0103\u021bii \u0219i \u00eenregistrarea incidentelor periculoase \u00een re\u021beaua RENAM a fost creat\u0103 CERT (Computer Emergency Response Team). Acesta este un grup de speciali\u0219ti care ar trebui s\u0103 se angajeze \u00een \u00eenregistrarea acestor incidente \u00een re\u021bea \u0219i s\u0103 contribuie la eliminarea incidentelor. Colectarea informa\u021biilor despre incidente ar trebui f\u0103cut\u0103 prin 3 metode Monitorizarea re\u021belei \u0219i fixarea p\u0103r\u021bilor suspecte sau a ac\u021biunilor sale \u00een re\u021bea. Utilizatorul va informa singur despre incidentul din partea re\u021belei \u0219i dup\u0103 ce aceasta va fi procesat\u0103 de ofi\u021berul CERT, va fi considerat\u0103 un incident. Informa\u021biile despre incident pot fi primite de la un alt sistem CERT. Deoarece aceste sisteme \u0219i echipe trebuie s\u0103 fac\u0103 schimb de informa\u021bii despre incidente. \u00cen primul caz incidentul se fixeaz\u0103 automat cu ajutorul multor programe software \u0219i echipamente hardware, \u00een special cu ajutorul unor astfel de protocoale, cum ar fi ICMP SNMP. Exist\u0103 o mare parte din software-ul pentru monitorizarea sistemului, de exemplu (Nagios \u0219i NetIIS). Aceste programe sunt confortabile \u0219i bine testate, dar nu \u00eentotdeauna sunt potrivite pentru toate solicit\u0103rile de monitorizare. Exist\u0103, de asemenea, necesitatea ca ofi\u021berii CERT s\u0103 adauge ni\u0219te module pentru sistemul de monitorizare. Fixarea facilit\u0103\u021bilor automate de monitorizare a incidentelor ajut\u0103 la definirea incidentelor existente \u0219i chiar la evitarea incidentului \u00een mod automat. \u00cen plus, sistemul automat ajut\u0103 la definirea statisticilor \u0219i a consecin\u021belor incidentelor \u0219i la luarea de m\u0103suri pentru evitarea acestora. Incidentul poate fi, de asemenea, examinat de c\u0103tre ofi\u021berul CERT dac\u0103 incidentul este \u00eenregistrat \u0219i transmis ofi\u021berului CERT \u00een conformitate cu una dintre aceste metode Telefon Fax \u00cenregistrat\u0103 pe site-ul CERT &#8211; www.cert.md Trimise mesaje de po\u0219t\u0103 electronic\u0103<\/p>\n","protected":false},"author":3,"featured_media":0,"parent":0,"menu_order":0,"comment_status":"closed","ping_status":"closed","template":"page-about.php","meta":{"_locale":"ro_RO","_original_post":"822","footnotes":""},"class_list":["post-824","page","type-page","status-publish","hentry","ro-RO"],"_links":{"self":[{"href":"https:\/\/cert.md\/wp-json\/wp\/v2\/pages\/824","targetHints":{"allow":["GET"]}}],"collection":[{"href":"https:\/\/cert.md\/wp-json\/wp\/v2\/pages"}],"about":[{"href":"https:\/\/cert.md\/wp-json\/wp\/v2\/types\/page"}],"author":[{"embeddable":true,"href":"https:\/\/cert.md\/wp-json\/wp\/v2\/users\/3"}],"replies":[{"embeddable":true,"href":"https:\/\/cert.md\/wp-json\/wp\/v2\/comments?post=824"}],"version-history":[{"count":3,"href":"https:\/\/cert.md\/wp-json\/wp\/v2\/pages\/824\/revisions"}],"predecessor-version":[{"id":875,"href":"https:\/\/cert.md\/wp-json\/wp\/v2\/pages\/824\/revisions\/875"}],"wp:attachment":[{"href":"https:\/\/cert.md\/wp-json\/wp\/v2\/media?parent=824"}],"curies":[{"name":"wp","href":"https:\/\/api.w.org\/{rel}","templated":true}]}}